{"id":231,"date":"2024-08-30T09:35:37","date_gmt":"2024-08-30T14:35:37","guid":{"rendered":"https:\/\/colwagen.com\/volkswagen\/?page_id=231"},"modified":"2024-08-30T11:25:28","modified_gmt":"2024-08-30T16:25:28","slug":"polo-2","status":"publish","type":"page","link":"https:\/\/colwagen.com\/volkswagen\/polo-2\/","title":{"rendered":"Polo"},"content":{"rendered":"<p>[vc_row full_width=&#8221;stretch_row_content_no_spaces&#8221; full_height=&#8221;yes&#8221;][vc_column el_class=&#8221;hero-slider owl-carousel owl-theme&#8221;][vc_single_image image=&#8221;235&#8243; img_size=&#8221;full&#8221; alignment=&#8221;center&#8221;][\/vc_column][\/vc_row][vc_row el_class=&#8221;titulo-general-modelos&#8221;][vc_column width=&#8221;1\/6&#8243;][\/vc_column][vc_column width=&#8221;2\/3&#8243;][vc_column_text]<\/p>\n<h1 class=\"title-vehicle\" style=\"text-align: center;\">Descubre el Volkswagen Polo, el compa\u00f1ero ideal para tu d\u00eda a d\u00eda.<\/h1>\n<h2 class=\"btn-ficha\" style=\"text-align: center; margin-top: 0;\"><a href=\"https:\/\/colwagen.com\/volkswagen\/wp-content\/uploads\/2024\/08\/volkswagen-polo-pa-v2-ok.pdf\"><strong>Ficha T\u00e9cnica MY2024<\/strong><\/a><\/h2>\n<div id=\"hatchback-slide\" class=\"info-principal\">\n<h4 class=\"price-top\" style=\"text-align: center;\">Precio de venta sugerido desde: $72.990.000<\/h4>\n<\/div>\n<div class=\"camiones-slide\">\n<div class=\"info-secundaria\"><\/div>\n<\/div>\n<p>[\/vc_column_text][\/vc_column][vc_column width=&#8221;1\/6&#8243;][\/vc_column][\/vc_row][vc_row el_class=&#8221;row-cotiza&#8221;][vc_column width=&#8221;1\/6&#8243;][\/vc_column][vc_column width=&#8221;2\/3&#8243;][vc_column_text el_class=&#8221;cotiza-volkswagen-home&#8221;]<\/p>\n<h2>Cotiza tu<br \/>\nVolkswagen<\/h2>\n<div class=\"wpcf7 no-js\" id=\"wpcf7-f145-o1\" lang=\"es-CO\" dir=\"ltr\">\n<div class=\"screen-reader-response\"><p role=\"status\" aria-live=\"polite\" aria-atomic=\"true\"><\/p> <ul><\/ul><\/div>\n<form action=\"\/volkswagen\/wp-json\/wp\/v2\/pages\/231#wpcf7-f145-o1\" method=\"post\" class=\"wpcf7-form init\" aria-label=\"Formulario de contacto\" novalidate=\"novalidate\" data-status=\"init\">\n<div style=\"display: none;\">\n<input type=\"hidden\" name=\"_wpcf7\" value=\"145\" \/>\n<input type=\"hidden\" name=\"_wpcf7_version\" value=\"5.9.8\" \/>\n<input type=\"hidden\" name=\"_wpcf7_locale\" value=\"es_CO\" \/>\n<input type=\"hidden\" name=\"_wpcf7_unit_tag\" value=\"wpcf7-f145-o1\" \/>\n<input type=\"hidden\" name=\"_wpcf7_container_post\" value=\"0\" \/>\n<input type=\"hidden\" name=\"_wpcf7_posted_data_hash\" value=\"\" \/>\n<input type=\"hidden\" name=\"_wpcf7cf_hidden_group_fields\" value=\"[]\" \/>\n<input type=\"hidden\" name=\"_wpcf7cf_hidden_groups\" value=\"[]\" \/>\n<input type=\"hidden\" name=\"_wpcf7cf_visible_groups\" value=\"[]\" \/>\n<input type=\"hidden\" name=\"_wpcf7cf_repeaters\" value=\"[]\" \/>\n<input type=\"hidden\" name=\"_wpcf7cf_steps\" value=\"{}\" \/>\n<input type=\"hidden\" name=\"_wpcf7cf_options\" value=\"{&quot;form_id&quot;:145,&quot;conditions&quot;:[],&quot;settings&quot;:{&quot;animation&quot;:&quot;yes&quot;,&quot;animation_intime&quot;:200,&quot;animation_outtime&quot;:200,&quot;conditions_ui&quot;:&quot;normal&quot;,&quot;notice_dismissed&quot;:false,&quot;notice_dismissed_update-cf7-5.5.2&quot;:true}}\" \/>\n<input type=\"hidden\" name=\"_wpcf7_recaptcha_response\" value=\"\" \/>\n<\/div>\n<p><span class=\"wpcf7-form-control-wrap\" data-name=\"Nombre\"><input size=\"40\" maxlength=\"400\" class=\"wpcf7-form-control wpcf7-text wpcf7-validates-as-required\" aria-required=\"true\" aria-invalid=\"false\" placeholder=\"Nombre\" value=\"\" type=\"text\" name=\"Nombre\" \/><\/span><br \/>\n<span class=\"wpcf7-form-control-wrap\" data-name=\"Apellido\"><input size=\"40\" maxlength=\"400\" class=\"wpcf7-form-control wpcf7-text wpcf7-validates-as-required\" aria-required=\"true\" aria-invalid=\"false\" placeholder=\"Apellido\" value=\"\" type=\"text\" name=\"Apellido\" \/><\/span><br \/>\n<span class=\"wpcf7-form-control-wrap\" data-name=\"Celular\"><input size=\"40\" maxlength=\"400\" class=\"wpcf7-form-control wpcf7-tel wpcf7-validates-as-required wpcf7-text wpcf7-validates-as-tel\" aria-required=\"true\" aria-invalid=\"false\" placeholder=\"Celular\" value=\"\" type=\"tel\" name=\"Celular\" \/><\/span><br \/>\n<span class=\"wpcf7-form-control-wrap\" data-name=\"correo\"><input size=\"40\" maxlength=\"400\" class=\"wpcf7-form-control wpcf7-email wpcf7-validates-as-required wpcf7-text wpcf7-validates-as-email\" aria-required=\"true\" aria-invalid=\"false\" placeholder=\"Correo electr\u00f3nico\" value=\"\" type=\"email\" name=\"correo\" \/><\/span><br \/>\n<span class=\"wpcf7-form-control-wrap\" data-name=\"modelo\"><select class=\"wpcf7-form-control wpcf7-select wpcf7-validates-as-required\" aria-required=\"true\" aria-invalid=\"false\" name=\"modelo\"><option value=\"\">Modelo<\/option><option value=\"Saveiro Cabina Sencilla\">Saveiro Cabina Sencilla<\/option><option value=\"Tiguan\">Tiguan<\/option><option value=\"Amarok\">Amarok<\/option><option value=\"Polo\">Polo<\/option><option value=\"Saveiro Plus\">Saveiro Plus<\/option><option value=\"Virtus\">Virtus<\/option><option value=\"Nivus\">Nivus<\/option><option value=\"Teramont\">Teramont<\/option><option value=\"T-Cross\">T-Cross<\/option><option value=\"Taos\">Taos<\/option><\/select><\/span><br \/>\n<span class=\"wpcf7-form-control-wrap\" data-name=\"donde\"><select class=\"wpcf7-form-control wpcf7-select wpcf7-validates-as-required\" aria-required=\"true\" aria-invalid=\"false\" name=\"donde\"><option value=\"\">\u00bfD\u00f3nde quieres ser atendido?<\/option><option value=\"Bogot\u00e1 Calle 100\">Bogot\u00e1 Calle 100<\/option><option value=\"Bogot\u00e1 Calle 140\">Bogot\u00e1 Calle 140<\/option><option value=\"Ch\u00eda\">Ch\u00eda<\/option><\/select><\/span><br \/>\n<span class=\"wpcf7-form-control-wrap\" data-name=\"necesitas\"><select class=\"wpcf7-form-control wpcf7-select wpcf7-validates-as-required\" aria-required=\"true\" aria-invalid=\"false\" name=\"necesitas\"><option value=\"\">\u00bfNecesitas financiaci\u00f3n?<\/option><option value=\"Si\">Si<\/option><option value=\"No\">No<\/option><\/select><\/span><br \/>\n<span class=\"wpcf7-form-control-wrap\" data-name=\"politicas\"><span class=\"wpcf7-form-control wpcf7-acceptance optional\"><span class=\"wpcf7-list-item\"><label><input type=\"checkbox\" name=\"politicas\" value=\"1\" checked=\"checked\" aria-invalid=\"false\" \/><span class=\"wpcf7-list-item-label\"><a href=\"https:\/\/www.vw-colwagen.co\/terminos-y-condiciones\/\" target=\"_blank\" rel=\"nofollow noopener\">Acepto pol\u00edticas de Privacidad<\/a><\/span><\/label><\/span><\/span><\/span><br \/>\n<input class=\"wpcf7-form-control wpcf7-hidden\" value=\"Volkswagen PKW\" type=\"hidden\" name=\"marca\" \/>\n<input class=\"wpcf7-form-control wpcf7-hidden\" value=\"OrganicoContacto\" type=\"hidden\" name=\"utm_source\" \/>\n<input class=\"wpcf7-form-control wpcf7-hidden\" value=\"\" type=\"hidden\" name=\"utm_medium\" \/>\n<input class=\"wpcf7-form-control wpcf7-hidden\" value=\"\" type=\"hidden\" name=\"utm_campaign\" \/>\n<input class=\"wpcf7-form-control wpcf7-hidden\" id=\"zc_gad\" value=\"\" type=\"hidden\" name=\"zc_gad\" \/>\n<input class=\"wpcf7-form-control wpcf7-hidden\" value=\"\" type=\"hidden\" name=\"fbclid\" \/>\n<input class=\"wpcf7-form-control wpcf7-hidden\" id=\"agencia\" value=\"\" type=\"hidden\" name=\"agencia\" \/>\n<input class=\"wpcf7-form-control wpcf7-hidden\" value=\"VolkswagenOnpage-Cotiza\" type=\"hidden\" name=\"formulario\" \/><br \/>\n<input class=\"wpcf7-form-control wpcf7-submit has-spinner\" type=\"submit\" value=\"Enviar\" \/>\n<\/p><div class=\"wpcf7-response-output\" aria-hidden=\"true\"><\/div>\n<\/form>\n<\/div>\n[\/vc_column_text][\/vc_column][vc_column width=&#8221;1\/6&#8243;][\/vc_column][\/vc_row][vc_row][vc_column][vc_column_text]<\/p>\n<h4 class=\"title-section\">Seguridad<\/h4>\n<p>[\/vc_column_text][vc_tta_tabs color=&#8221;white&#8221; active_section=&#8221;1&#8243; css_animation=&#8221;fadeIn&#8221; el_class=&#8221;tabs-cars&#8221;][vc_tta_section title=&#8221;4 AirBags&#8221; tab_id=&#8221;AirBags&#8221;][vc_row_inner][vc_column_inner width=&#8221;1\/3&#8243;][vc_column_text el_class=&#8221;text-tabs&#8221;]Cuida de los tuyos con el <strong>Volkswagen Polo<\/strong>, que ofrece airbags frontales y laterales para mayor seguridad.[\/vc_column_text][\/vc_column_inner][vc_column_inner width=&#8221;2\/3&#8243;][vc_single_image image=&#8221;245&#8243; img_size=&#8221;full&#8221;][\/vc_column_inner][\/vc_row_inner][\/vc_tta_section][vc_tta_section title=&#8221;Control de Estabilidad&#8221; tab_id=&#8221;control-de-estabilidad&#8221;][vc_row_inner][vc_column_inner width=&#8221;1\/3&#8243;][vc_column_text el_class=&#8221;text-tabs&#8221;]<strong>Control electr\u00f3nico de estabilidad (ESC)<\/strong> Previene que el veh\u00edculo se desestabilice en curvas, cambios de superficie o maniobras evasivas que realice el conductor.[\/vc_column_text][\/vc_column_inner][vc_column_inner width=&#8221;2\/3&#8243;][vc_single_image image=&#8221;248&#8243; img_size=&#8221;full&#8221;][\/vc_column_inner][\/vc_row_inner][\/vc_tta_section][vc_tta_section title=&#8221;Antibloqueo de Frenos&#8221; tab_id=&#8221;Antibloqueo-de-Frenos&#8221;][vc_row_inner][vc_column_inner width=&#8221;1\/3&#8243;][vc_column_text el_class=&#8221;text-tabs&#8221;]<strong>Frenos ABS<\/strong> previene que las ruedas se bloqueen, liberando y aplicando presi\u00f3n en los frenos.[\/vc_column_text][\/vc_column_inner][vc_column_inner width=&#8221;2\/3&#8243;][vc_single_image image=&#8221;251&#8243; img_size=&#8221;full&#8221;][\/vc_column_inner][\/vc_row_inner][\/vc_tta_section][vc_tta_section title=&#8221;Anclajes ISOFIX&#8221; tab_id=&#8221;Anclajes-ISOFIX&#8221;][vc_row_inner][vc_column_inner width=&#8221;1\/3&#8243;][vc_column_text el_class=&#8221;text-tabs&#8221;]<strong>El sistema de anclaje de seguridad (ISOFIX)<\/strong> permite que la sillas de seguridad para ni\u00f1os se instalen de forma r\u00e1pida y segura.[\/vc_column_text][\/vc_column_inner][vc_column_inner width=&#8221;2\/3&#8243;][vc_single_image image=&#8221;253&#8243; img_size=&#8221;full&#8221;][\/vc_column_inner][\/vc_row_inner][\/vc_tta_section][vc_tta_section title=&#8221;Control de Tracci\u00f3n&#8221; tab_id=&#8221;Control-de-Traccion&#8221;][vc_row_inner][vc_column_inner width=&#8221;1\/3&#8243;][vc_column_text el_class=&#8221;text-tabs&#8221;]<strong>El control de tracci\u00f3n (ASR) <\/strong>Previene la p\u00e9rdida de adherencia de las ruedas sobre cualquier superficie.[\/vc_column_text][\/vc_column_inner][vc_column_inner width=&#8221;2\/3&#8243;][vc_single_image image=&#8221;255&#8243; img_size=&#8221;full&#8221;][\/vc_column_inner][\/vc_row_inner][\/vc_tta_section][vc_tta_section title=&#8221;Asistente de arranque en pendiente&#8221; tab_id=&#8221;Asistente-de-arranque-en-pendiente&#8221;][vc_row_inner][vc_column_inner width=&#8221;1\/3&#8243;][vc_column_text el_class=&#8221;text-tabs&#8221;]<strong>Prevee que el veh\u00edculo se ruede hacia atr\u00e1s<\/strong> controlando el torque de inicio al arrancar en una superficie inclinada.[\/vc_column_text][\/vc_column_inner][vc_column_inner width=&#8221;2\/3&#8243;][vc_single_image image=&#8221;257&#8243; img_size=&#8221;full&#8221;][\/vc_column_inner][\/vc_row_inner][\/vc_tta_section][\/vc_tta_tabs][\/vc_column][\/vc_row][vc_row][vc_column][vc_column_text]<\/p>\n<h4 class=\"title-section\">Exterior<\/h4>\n<p>[\/vc_column_text][vc_row_inner][vc_column_inner width=&#8221;1\/2&#8243;][vc_single_image image=&#8221;260&#8243; img_size=&#8221;full&#8221;][vc_column_text el_class=&#8221;text-exterior&#8221;]Los faros delanteros del Volkswagen Polo destacan por su identidad deportiva. Equipado con faros antiniebla con luz de giro y luces diurnas LED, est\u00e1 dise\u00f1ado para ofrecer estilo y seguridad.[\/vc_column_text][\/vc_column_inner][vc_column_inner width=&#8221;1\/2&#8243;][vc_single_image image=&#8221;259&#8243; img_size=&#8221;full&#8221;][vc_column_text el_class=&#8221;text-exterior&#8221;]El Volkswagen Polo viene con rines de aleaci\u00f3n ligera de 15\u2033. * Im\u00e1genes de referencia.[\/vc_column_text][\/vc_column_inner][\/vc_row_inner][\/vc_column][\/vc_row][vc_row][vc_column][vc_column_text]<\/p>\n<h4 class=\"title-section\">Interior<\/h4>\n<p>[\/vc_column_text][vc_row_inner][vc_column_inner width=&#8221;2\/3&#8243;][vc_single_image image=&#8221;264&#8243; img_size=&#8221;full&#8221;][\/vc_column_inner][vc_column_inner width=&#8221;1\/3&#8243;][vc_column_text el_class=&#8221;text-interior&#8221;]<strong>\u00a1Sofisticado y deportivo, como t\u00fa!<\/strong><\/p>\n<p>Este veh\u00edculo incluye un computador de a bordo digital de 8&#8243; a color.<\/p>\n<p><strong>\u00a1T\u00fa decides!<\/strong> Haz y recibe llamadas, cambia canciones, ajusta el volumen de la radio y activa el control de crucero cuando lo necesites.[\/vc_column_text][\/vc_column_inner][\/vc_row_inner][\/vc_column][\/vc_row][vc_row][vc_column][vc_column_text]<\/p>\n<h4 class=\"title-section\">Versiones y Colores<\/h4>\n<p>[\/vc_column_text][vc_row_inner][vc_column_inner width=&#8221;2\/3&#8243;][vc_gallery interval=&#8221;3&#8243; images=&#8221;276,274,275,273,272&#8243; img_size=&#8221;full&#8221; onclick=&#8221;&#8221;][\/vc_column_inner][vc_column_inner width=&#8221;1\/3&#8243;][vc_column_text el_class=&#8221;text-versiones&#8221;]<strong>\u2193 Polo Trendline Mec\u00e1nico 1.6<\/strong><\/p>\n<p>MY2024 desde $72.990.000<\/p>\n<p>MY2025 desde $75.990.000<\/p>\n<p><strong>\u2193 Polo Highline Autom\u00e1tico 1.0<\/strong><\/p>\n<p>MY2024 desde $78.990.000<\/p>\n<p>MY2025 desde $84.990.000[\/vc_column_text][\/vc_column_inner][\/vc_row_inner][\/vc_column][\/vc_row][vc_row][vc_column][vc_column_text]<\/p>\n<h4 class=\"title-section\">Garant\u00eda y Respaldo<\/h4>\n<p>[\/vc_column_text][vc_row_inner][vc_column_inner width=&#8221;2\/3&#8243;][vc_single_image image=&#8221;280&#8243; img_size=&#8221;full&#8221;][\/vc_column_inner][vc_column_inner width=&#8221;1\/3&#8243;][vc_column_text el_class=&#8221;text-interior&#8221;]El Volkswagen Polo est\u00e1 respaldado por una s\u00f3lida red de concesionarios y talleres autorizados en todo el pa\u00eds, que cumplen con los altos est\u00e1ndares de calidad de nuestra marca.<\/p>\n<p>Este veh\u00edculo cuenta con una garant\u00eda de 100,000 km o 3 a\u00f1os, lo que ocurra primero.<\/p>\n<p>Para m\u00e1s informaci\u00f3n sobre nuestros servicios posventa, te invitamos a visitar la secci\u00f3n en el siguiente enlace.<\/p>\n<p><a class=\"whastapp-lateral btn-ficha\">Servicio Posventa<\/a>[\/vc_column_text][\/vc_column_inner][\/vc_row_inner][\/vc_column][\/vc_row][vc_row][vc_column][vc_column_text el_class=&#8221;text-legales&#8221;]*Im\u00e1genes de referencia. Los equipamientos, accesorios y\/o colores hacen parte de la ambientaci\u00f3n fotogr\u00e1fica o\u00a0pueden no corresponder con las referencias y modelos comercializados en Colombia. Para m\u00e1s informaci\u00f3n cont\u00e1ctese con los concesionarios autorizados.<\/p>\n<p>**Precio sugerido por Porsche Colombia S.A.S. a nivel Nacional. Es posible que existan diferencias entre los precios ofrecidos por el concesionario y los precios aqu\u00ed sugeridos, en todo caso prevalecer\u00e1n los precios ofrecidos por el concesionario.[\/vc_column_text][\/vc_column][\/vc_row]<\/p>\n","protected":false},"excerpt":{"rendered":"<p>[vc_row full_width=&#8221;stretch_row_content_no_spaces&#8221; full_height=&#8221;yes&#8221;][vc_column el_class=&#8221;hero-slider owl-carousel owl-theme&#8221;][vc_single_image image=&#8221;235&#8243; img_size=&#8221;full&#8221; alignment=&#8221;center&#8221;][\/vc_column][\/vc_row][vc_row el_class=&#8221;titulo-general-modelos&#8221;][vc_column width=&#8221;1\/6&#8243;][\/vc_column][vc_column width=&#8221;2\/3&#8243;][vc_column_text] Descubre el Volkswagen Polo, el compa\u00f1ero ideal para tu d\u00eda a d\u00eda. Ficha T\u00e9cnica MY2024 Precio de venta sugerido desde: $72.990.000 [\/vc_column_text][\/vc_column][vc_column width=&#8221;1\/6&#8243;][\/vc_column][\/vc_row][vc_row el_class=&#8221;row-cotiza&#8221;][vc_column width=&#8221;1\/6&#8243;][\/vc_column][vc_column width=&#8221;2\/3&#8243;][vc_column_text el_class=&#8221;cotiza-volkswagen-home&#8221;] Cotiza tu Volkswagen [\/vc_column_text][\/vc_column][vc_column width=&#8221;1\/6&#8243;][\/vc_column][\/vc_row][vc_row][vc_column][vc_column_text] Seguridad [\/vc_column_text][vc_tta_tabs color=&#8221;white&#8221; active_section=&#8221;1&#8243; css_animation=&#8221;fadeIn&#8221; el_class=&#8221;tabs-cars&#8221;][vc_tta_section title=&#8221;4 AirBags&#8221; tab_id=&#8221;AirBags&#8221;][vc_row_inner][vc_column_inner width=&#8221;1\/3&#8243;][vc_column_text el_class=&#8221;text-tabs&#8221;]Cuida [&hellip;]<\/p>\n","protected":false},"author":1,"featured_media":0,"parent":0,"menu_order":0,"comment_status":"closed","ping_status":"closed","template":"","meta":{"footnotes":""},"class_list":["post-231","page","type-page","status-publish","hentry"],"_links":{"self":[{"href":"https:\/\/colwagen.com\/volkswagen\/wp-json\/wp\/v2\/pages\/231","targetHints":{"allow":["GET"]}}],"collection":[{"href":"https:\/\/colwagen.com\/volkswagen\/wp-json\/wp\/v2\/pages"}],"about":[{"href":"https:\/\/colwagen.com\/volkswagen\/wp-json\/wp\/v2\/types\/page"}],"author":[{"embeddable":true,"href":"https:\/\/colwagen.com\/volkswagen\/wp-json\/wp\/v2\/users\/1"}],"replies":[{"embeddable":true,"href":"https:\/\/colwagen.com\/volkswagen\/wp-json\/wp\/v2\/comments?post=231"}],"version-history":[{"count":36,"href":"https:\/\/colwagen.com\/volkswagen\/wp-json\/wp\/v2\/pages\/231\/revisions"}],"predecessor-version":[{"id":284,"href":"https:\/\/colwagen.com\/volkswagen\/wp-json\/wp\/v2\/pages\/231\/revisions\/284"}],"wp:attachment":[{"href":"https:\/\/colwagen.com\/volkswagen\/wp-json\/wp\/v2\/media?parent=231"}],"curies":[{"name":"wp","href":"https:\/\/api.w.org\/{rel}","templated":true}]}}