{"id":79,"date":"2022-02-21T09:54:58","date_gmt":"2022-02-21T14:54:58","guid":{"rendered":"https:\/\/colwagen.com\/usados\/?page_id=79"},"modified":"2024-01-30T09:33:13","modified_gmt":"2024-01-30T14:33:13","slug":"vender-carro-usado","status":"publish","type":"page","link":"https:\/\/colwagen.com\/usados\/vender-carro-usado\/","title":{"rendered":"Vende tu usado"},"content":{"rendered":"<p>[vc_section full_width=&#8221;stretch_row&#8221; css=&#8221;.vc_custom_1647012091681{background-image: url(https:\/\/colwagen.com\/usados\/wp-content\/uploads\/2022\/02\/compramos-usado.jpg?id=80) !important;background-position: center !important;background-repeat: no-repeat !important;background-size: cover !important;}&#8221; el_class=&#8221;header-compramos-usado&#8221;][vc_row][vc_column width=&#8221;1\/2&#8243;][vc_column_text]<\/p>\n<h1>Vende<br \/>\n<strong>tu carro usado<\/strong><\/h1>\n<p>[\/vc_column_text][\/vc_column][vc_column width=&#8221;1\/2&#8243;][\/vc_column][\/vc_row][vc_row full_width=&#8221;stretch_row&#8221; css=&#8221;.vc_custom_1681737000948{background-color: rgba(30,47,103,0.8) !important;*background-color: rgb(30,47,103) !important;}&#8221; el_class=&#8221;azul-usado&#8221;][vc_column][vc_column_text el_class=&#8221;btn-blanco&#8221;]<\/p>\n<h2 style=\"text-align: center;\">Vender tu carro usado nunca fue tan f\u00e1cil<\/h2>\n<p style=\"text-align: center;\">Si quieres vender tu veh\u00edculo usado, te lo compramos al mejor precio.<br \/>\nSomos un concesionario con respaldo de Colwagen, reconocido por la transparencia y credibilidad en nuestras ofertas en ventas de carros usados.<\/p>\n<p style=\"text-align: center;\"><a href=\"#formulario\">VENDER MI USADO<\/a><\/p>\n<p>[\/vc_column_text][\/vc_column][\/vc_row][\/vc_section][vc_section full_width=&#8221;stretch_row&#8221; el_class=&#8221;formulario-venta-usado&#8221; el_id=&#8221;formulario&#8221;][vc_row][vc_column width=&#8221;1\/6&#8243;][\/vc_column][vc_column width=&#8221;2\/3&#8243; el_class=&#8221;form-contenedor&#8221;][vc_column_text el_class=&#8221;titulo centro&#8221;]<\/p>\n<h2 style=\"text-align: center;\">Comienza la venta de tu carro usado aqu\u00ed:<\/h2>\n<p style=\"text-align: center;\">Completa el siguiente formulario para que hagamos el estudio previo de la retoma de tu veh\u00edculo y podamos enviarte una cotizaci\u00f3n.<\/p>\n<div class=\"wpcf7 no-js\" id=\"wpcf7-f928-o1\" lang=\"es-ES\" dir=\"ltr\" data-wpcf7-id=\"928\">\n<div class=\"screen-reader-response\"><p role=\"status\" aria-live=\"polite\" aria-atomic=\"true\"><\/p> <ul><\/ul><\/div>\n<form action=\"\/usados\/wp-json\/wp\/v2\/pages\/79#wpcf7-f928-o1\" method=\"post\" class=\"wpcf7-form init\" aria-label=\"Formulario de contacto\" enctype=\"multipart\/form-data\" novalidate=\"novalidate\" data-status=\"init\">\n<fieldset class=\"hidden-fields-container\"><input type=\"hidden\" name=\"_wpcf7\" value=\"928\" \/><input type=\"hidden\" name=\"_wpcf7_version\" value=\"6.1.5\" \/><input type=\"hidden\" name=\"_wpcf7_locale\" value=\"es_ES\" \/><input type=\"hidden\" name=\"_wpcf7_unit_tag\" value=\"wpcf7-f928-o1\" \/><input type=\"hidden\" name=\"_wpcf7_container_post\" value=\"0\" \/><input type=\"hidden\" name=\"_wpcf7_posted_data_hash\" value=\"\" \/><input type=\"hidden\" name=\"_wpcf7cf_hidden_group_fields\" value=\"[]\" \/><input type=\"hidden\" name=\"_wpcf7cf_hidden_groups\" value=\"[]\" \/><input type=\"hidden\" name=\"_wpcf7cf_visible_groups\" value=\"[]\" \/><input type=\"hidden\" name=\"_wpcf7cf_repeaters\" value=\"[]\" \/><input type=\"hidden\" name=\"_wpcf7cf_steps\" value=\"{}\" \/><input type=\"hidden\" name=\"_wpcf7cf_options\" value=\"{&quot;form_id&quot;:928,&quot;conditions&quot;:[{&quot;then_field&quot;:&quot;otra-marca&quot;,&quot;and_rules&quot;:[{&quot;if_field&quot;:&quot;marca&quot;,&quot;operator&quot;:&quot;equals&quot;,&quot;if_value&quot;:&quot;OTRO&quot;}]}],&quot;settings&quot;:{&quot;animation&quot;:&quot;yes&quot;,&quot;animation_intime&quot;:200,&quot;animation_outtime&quot;:200,&quot;conditions_ui&quot;:&quot;normal&quot;,&quot;notice_dismissed&quot;:false}}\" \/><input type=\"hidden\" name=\"_wpcf7_recaptcha_response\" value=\"\" \/>\n<\/fieldset>\n<div class=\"pasos\">\n\t<div class=\"m-paso1 activo\">\n\t\t<p><span>1<\/span>\n\t\t<\/p>\n\t<\/div>\n\t<div class=\"m-paso2\">\n\t\t<p><span>2<\/span>\n\t\t<\/p>\n\t<\/div>\n<\/div>\n<div class=\"step1 paso-activo\">\n\t<p><span class=\"wpcf7-form-control-wrap\" data-name=\"nombre\"><input size=\"40\" maxlength=\"400\" class=\"wpcf7-form-control wpcf7-text wpcf7-validates-as-required\" aria-required=\"true\" aria-invalid=\"false\" placeholder=\"Nombre*\" value=\"\" type=\"text\" name=\"nombre\" \/><\/span><br \/>\n<span class=\"wpcf7-form-control-wrap\" data-name=\"apellido\"><input size=\"40\" maxlength=\"400\" class=\"wpcf7-form-control wpcf7-text wpcf7-validates-as-required\" aria-required=\"true\" aria-invalid=\"false\" placeholder=\"Apellido*\" value=\"\" type=\"text\" name=\"apellido\" \/><\/span><br \/>\n<span class=\"wpcf7-form-control-wrap\" data-name=\"telefono\"><input size=\"40\" maxlength=\"400\" class=\"wpcf7-form-control wpcf7-tel wpcf7-validates-as-required wpcf7-text wpcf7-validates-as-tel\" aria-required=\"true\" aria-invalid=\"false\" placeholder=\"Tel\u00e9fono*\" value=\"\" type=\"tel\" name=\"telefono\" \/><\/span><br \/>\n<span class=\"wpcf7-form-control-wrap\" data-name=\"email\"><input size=\"40\" maxlength=\"400\" class=\"wpcf7-form-control wpcf7-email wpcf7-validates-as-required wpcf7-text wpcf7-validates-as-email\" aria-required=\"true\" aria-invalid=\"false\" placeholder=\"E-mail*\" value=\"\" type=\"email\" name=\"email\" \/><\/span><br \/>\n<span class=\"wpcf7-form-control-wrap departamento_auto departamento\"><select class=\"wpcf7-form-control wpcf7-departamento wpcf7-validates-as-required wpcf7-select departamento\" aria-required=\"true\" aria-invalid=\"false\" name=\"departamento\" ><option value=\"0\">---<\/option><option value='Amazonas' data-id='1'>Amazonas<\/option><option value='Antioquia' data-id='2'>Antioquia<\/option><option value='Arauca' data-id='3'>Arauca<\/option><option value='Archipi\u00e9lago De San Andr\u00e9s' data-id='4'>Archipi\u00e9lago De San Andr\u00e9s<\/option><option value='Atl\u00e1ntico' data-id='5'>Atl\u00e1ntico<\/option><option value='Bogot\u00e1, D.C.' data-id='6'>Bogot\u00e1, D.C.<\/option><option value='Bol\u00edvar' data-id='7'>Bol\u00edvar<\/option><option value='Boyac\u00e1' data-id='8'>Boyac\u00e1<\/option><option value='Caldas' data-id='9'>Caldas<\/option><option value='Caquet\u00e1' data-id='10'>Caquet\u00e1<\/option><option value='Casanare' data-id='11'>Casanare<\/option><option value='Cauca' data-id='12'>Cauca<\/option><option value='Cesar' data-id='13'>Cesar<\/option><option value='Choc\u00f3' data-id='14'>Choc\u00f3<\/option><option value='C\u00f3rdoba' data-id='15'>C\u00f3rdoba<\/option><option value='Cundinamarca' data-id='16'>Cundinamarca<\/option><option value='Guain\u00eda' data-id='17'>Guain\u00eda<\/option><option value='Guaviare' data-id='18'>Guaviare<\/option><option value='Huila' data-id='19'>Huila<\/option><option value='La Guajira' data-id='20'>La Guajira<\/option><option value='Magdalena' data-id='21'>Magdalena<\/option><option value='Meta' data-id='22'>Meta<\/option><option value='Nari\u00f1o' data-id='23'>Nari\u00f1o<\/option><option value='Norte De Santander' data-id='24'>Norte De Santander<\/option><option value='Putumayo' data-id='25'>Putumayo<\/option><option value='Quindio' data-id='26'>Quindio<\/option><option value='Risaralda' data-id='27'>Risaralda<\/option><option value='Santander' data-id='28'>Santander<\/option><option value='Sucre' data-id='29'>Sucre<\/option><option value='Tolima' data-id='30'>Tolima<\/option><option value='Valle Del Cauca' data-id='31'>Valle Del Cauca<\/option><option value='Vaup\u00e9s' data-id='32'>Vaup\u00e9s<\/option><option value='Vichada' data-id='32'>Vichada<\/option><\/select><\/span><br \/>\n<span class=\"wpcf7-form-control-wrap ciudad ciudades\"><select class=\"wpcf7-form-control wpcf7-ciudad wpcf7-validates-as-required wpcf7-select ciudad\" aria-required=\"true\" aria-invalid=\"false\" name=\"ciudades\" disabled><option value=\"0\">---<\/option><\/select><\/span>\n\t<\/p>\n\t<div class=\"paso-sig-bnt\">\n\t\t<p><span>Siguiente<\/span>\n\t\t<\/p>\n\t<\/div>\n<\/div>\n<div class=\"step2\">\n\t<p><span class=\"wpcf7-form-control-wrap marca_auto marca\"><select class=\"wpcf7-form-control wpcf7-marca wpcf7-validates-as-required wpcf7-select marca\" aria-required=\"true\" aria-invalid=\"false\" name=\"marca\" ><option value=\"0\">Marca<\/option><option value='ALFA ROMEO' data-id='1'>ALFA ROMEO<\/option><option value='AUDI' data-id='2'>AUDI<\/option><option value='BMW' data-id='3'>BMW<\/option><option value='BYD' data-id='4'>BYD<\/option><option value='CADILLAC' data-id='5'>CADILLAC<\/option><option value='CHERY' data-id='6'>CHERY<\/option><option value='CHEVROLET' data-id='7'>CHEVROLET<\/option><option value='CHRYSLER' data-id='8'>CHRYSLER<\/option><option value='CITRO\u00cbN' data-id='9'>CITRO\u00cbN<\/option><option value='DAEWOO' data-id='10'>DAEWOO<\/option><option value='DAIHATSU' data-id='11'>DAIHATSU<\/option><option value='DODGE' data-id='12'>DODGE<\/option><option value='FERRARI' data-id='13'>FERRARI<\/option><option value='FIAT' data-id='14'>FIAT<\/option><option value='FORD' data-id='15'>FORD<\/option><option value='BIUIK' data-id='16'>BIUIK<\/option><option value='HUMMER' data-id='17'>HUMMER<\/option><option value='PONTIAC' data-id='18'>PONTIAC<\/option><option value='HONDA' data-id='19'>HONDA<\/option><option value='HYUNDAI' data-id='20'>HYUNDAI<\/option><option value='INFINITI' data-id='21'>INFINITI<\/option><option value='JMC' data-id='22'>JMC<\/option><option value='JAC' data-id='23'>JAC<\/option><option value='JAGUAR' data-id='24'>JAGUAR<\/option><option value='JEEP' data-id='25'>JEEP<\/option><option value='KIA' data-id='26'>KIA<\/option><option value='LAND ROVER' data-id='27'>LAND ROVER<\/option><option value='LEXUS' data-id='28'>LEXUS<\/option><option value='LIFAN' data-id='29'>LIFAN<\/option><option value='LINCOLN' data-id='30'>LINCOLN<\/option><option value='MASERATI' data-id='31'>MASERATI<\/option><option value='MAZDA' data-id='32'>MAZDA<\/option><option value='MERCEDES BENZ' data-id='33'>MERCEDES BENZ<\/option><option value='MG' data-id='34'>MG<\/option><option value='MITSUBISHI' data-id='35'>MITSUBISHI<\/option><option value='MINI' data-id='36'>MINI<\/option><option value='NISSAN' data-id='37'>NISSAN<\/option><option value='OPEL' data-id='38'>OPEL<\/option><option value='PEUGEUT' data-id='39'>PEUGEUT<\/option><option value='PORSHE' data-id='40'>PORSHE<\/option><option value='RENAULT' data-id='41'>RENAULT<\/option><option value='SEAT' data-id='42'>SEAT<\/option><option value='SKODA' data-id='43'>SKODA<\/option><option value='SSANGYONG' data-id='44'>SSANGYONG<\/option><option value='SUBARU' data-id='45'>SUBARU<\/option><option value='SUZUKI' data-id='46'>SUZUKI<\/option><option value='TOYOTA' data-id='47'>TOYOTA<\/option><option value='VOLKSWAGEN' data-id='48'>VOLKSWAGEN<\/option><option value='VOLVO' data-id='49'>VOLVO<\/option><option value='OTRO' data-id='50'>OTRO<\/option><\/select><\/span><br \/>\n<span class=\"wpcf7-form-control-wrap modelo modelo\"><select class=\"wpcf7-form-control wpcf7-modelo wpcf7-validates-as-required wpcf7-select modelo\" aria-required=\"true\" aria-invalid=\"false\" name=\"modelo\" disabled><option value=\"0\">Modelo<\/option><\/select><\/span>\n\t<\/p>\n\t<div data-id=\"otra-marca\" data-orig_data_id=\"otra-marca\"  class=\"\" data-class=\"wpcf7cf_group\">\n\t\t<p><span class=\"wpcf7-form-control-wrap\" data-name=\"otra-marca\"><input size=\"40\" maxlength=\"400\" class=\"wpcf7-form-control wpcf7-text\" aria-invalid=\"false\" placeholder=\"Otra Marca y Modelo\" value=\"\" type=\"text\" name=\"otra-marca\" \/><\/span>\n\t\t<\/p>\n\t<\/div>\n\t<p><span class=\"wpcf7-form-control-wrap\" data-name=\"referencia\"><input size=\"40\" maxlength=\"400\" class=\"wpcf7-form-control wpcf7-text wpcf7-validates-as-required\" aria-required=\"true\" aria-invalid=\"false\" placeholder=\"L\u00ednea de veh\u00edculo\" value=\"\" type=\"text\" name=\"referencia\" \/><\/span><br \/>\n<span class=\"wpcf7-form-control-wrap\" data-name=\"anio\"><select class=\"wpcf7-form-control wpcf7-select wpcf7-validates-as-required\" aria-required=\"true\" aria-invalid=\"false\" name=\"anio\"><option value=\"\">A\u00f1o - Modelo<\/option><option value=\"2022\">2022<\/option><option value=\"2021\">2021<\/option><option value=\"2020\">2020<\/option><option value=\"2019\">2019<\/option><option value=\"2018\">2018<\/option><option value=\"2017\">2017<\/option><option value=\"2016\">2016<\/option><option value=\"2015\">2015<\/option><option value=\"2014\">2014<\/option><option value=\"2013\">2013<\/option><option value=\"2012\">2012<\/option><option value=\"2011\">2011<\/option><option value=\"2010\">2010<\/option><option value=\"2009\">2009<\/option><option value=\"2008\">2008<\/option><option value=\"2007\">2007<\/option><option value=\"2006\">2006<\/option><option value=\"2005\">2005<\/option><option value=\"2004\">2004<\/option><option value=\"2003\">2003<\/option><option value=\"2002\">2002<\/option><option value=\"2001\">2001<\/option><option value=\"1999\">1999<\/option><option value=\"1998\">1998<\/option><option value=\"1997\">1997<\/option><option value=\"1996\">1996<\/option><option value=\"1995\">1995<\/option><option value=\"1994\">1994<\/option><\/select><\/span><br \/>\n<span class=\"wpcf7-form-control-wrap\" data-name=\"placa\"><select class=\"wpcf7-form-control wpcf7-select wpcf7-validates-as-required placa\" aria-required=\"true\" aria-invalid=\"false\" name=\"placa\"><option value=\"\">Placa terminada en<\/option><option value=\"0\">0<\/option><option value=\"1\">1<\/option><option value=\"2\">2<\/option><option value=\"3\">3<\/option><option value=\"4\">4<\/option><option value=\"5\">5<\/option><option value=\"6\">6<\/option><option value=\"7\">7<\/option><option value=\"8\">8<\/option><option value=\"9\">9<\/option><\/select><\/span><br \/>\n<span class=\"wpcf7-form-control-wrap\" data-name=\"kilometraje\"><input class=\"wpcf7-form-control wpcf7-number wpcf7-validates-as-required wpcf7-validates-as-number\" aria-required=\"true\" aria-invalid=\"false\" placeholder=\"Kilometraje\" value=\"\" type=\"number\" name=\"kilometraje\" \/><\/span><br \/>\n<span class=\"wpcf7-form-control-wrap\" data-name=\"color\"><input size=\"40\" maxlength=\"400\" class=\"wpcf7-form-control wpcf7-text wpcf7-validates-as-required\" aria-required=\"true\" aria-invalid=\"false\" placeholder=\"Color\" value=\"\" type=\"text\" name=\"color\" \/><\/span><br \/>\n<span class=\"wpcf7-form-control-wrap\" data-name=\"transmision\"><select class=\"wpcf7-form-control wpcf7-select wpcf7-validates-as-required\" aria-required=\"true\" aria-invalid=\"false\" name=\"transmision\"><option value=\"\">Tipo de Transmisi\u00f3n<\/option><option value=\"Manual\">Manual<\/option><option value=\"Autom\u00e1tica\">Autom\u00e1tica<\/option><\/select><\/span>\n\t<\/p>\n\t<div class=\"precioGen\">\n\t\t<p><span class=\"wpcf7-form-control-wrap\" data-name=\"precio\"><input size=\"40\" maxlength=\"400\" class=\"wpcf7-form-control wpcf7-text wpcf7-validates-as-required\" aria-required=\"true\" aria-invalid=\"false\" placeholder=\"Precio deseado\" value=\"\" type=\"text\" name=\"precio\" \/><\/span>\n\t\t<\/p>\n\t\t<div class=\"caja-precio\">\n\t\t<\/div>\n\t<\/div>\n\t<div class=\"row-fotos\">\n\t\t<p><label>Im\u00e1genes <span>Las im\u00e1genes no son obligatorias<\/span><\/label>\n\t\t<\/p>\n\t\t<div class=\"cont-fotos\">\n\t\t\t<p><label for=\"img-frente\"><img decoding=\"async\" src=\"https:\/\/colwagen.com\/usados\/wp-content\/uploads\/2022\/02\/img-front.jpg\" \/><span class=\"text-foto\">Frente<\/span><span class=\"wpcf7-form-control-wrap\" data-name=\"img-frente\"><input size=\"40\" class=\"wpcf7-form-control wpcf7-file\" id=\"img-frente\" accept=\".jpg,.png,.jpeg\" aria-invalid=\"false\" type=\"file\" name=\"img-frente\" \/><\/span><\/label><br \/>\n<label for=\"img-izquierda\"><img decoding=\"async\" src=\"https:\/\/colwagen.com\/usados\/wp-content\/uploads\/2022\/02\/img-izq.jpg\" \/><span class=\"text-foto\">Izquierda<\/span><span class=\"wpcf7-form-control-wrap\" data-name=\"img-izquierda\"><input size=\"40\" class=\"wpcf7-form-control wpcf7-file\" id=\"img-izquierda\" accept=\".jpg,.png,.jpeg\" aria-invalid=\"false\" type=\"file\" name=\"img-izquierda\" \/><\/span><\/label><br \/>\n<label for=\"img-derecha\"><img decoding=\"async\" src=\"https:\/\/colwagen.com\/usados\/wp-content\/uploads\/2022\/02\/img-der.jpg\" \/><span class=\"text-foto\">Derecha<\/span><span class=\"wpcf7-form-control-wrap\" data-name=\"img-derecha\"><input size=\"40\" class=\"wpcf7-form-control wpcf7-file\" id=\"img-derecha\" accept=\".jpg,.png,.jpeg\" aria-invalid=\"false\" type=\"file\" name=\"img-derecha\" \/><\/span><\/label><br \/>\n<label for=\"img-atras\"><img decoding=\"async\" src=\"https:\/\/colwagen.com\/usados\/wp-content\/uploads\/2022\/02\/img-atras.jpg\" \/><span class=\"text-foto\">Atras<\/span><span class=\"wpcf7-form-control-wrap\" data-name=\"img-atras\"><input size=\"40\" class=\"wpcf7-form-control wpcf7-file\" id=\"img-atras\" accept=\".jpg,.png,.jpeg\" aria-invalid=\"false\" type=\"file\" name=\"img-atras\" \/><\/span><\/label><br \/>\n<label for=\"img-interior\"><img decoding=\"async\" src=\"https:\/\/colwagen.com\/usados\/wp-content\/uploads\/2022\/02\/img-int.jpg\" \/><span class=\"text-foto\">Interior<\/span><span class=\"wpcf7-form-control-wrap\" data-name=\"img-interior\"><input size=\"40\" class=\"wpcf7-form-control wpcf7-file\" id=\"img-interior\" accept=\".jpg,.png,.jpeg\" aria-invalid=\"false\" type=\"file\" name=\"img-interior\" \/><\/span><\/label>\n\t\t\t<\/p>\n\t\t<\/div>\n\t<\/div>\n\t<div class=\"aceptar-terminos\">\n\t\t<p><span class=\"wpcf7-form-control-wrap\" data-name=\"terminos\"><span class=\"wpcf7-form-control wpcf7-acceptance\"><span class=\"wpcf7-list-item\"><label><input type=\"checkbox\" name=\"terminos\" value=\"1\" checked=\"checked\" aria-invalid=\"false\" \/><span class=\"wpcf7-list-item-label\">Acepto <a href=\"https:\/\/colwagen.com\/usados\/politica-de-tratamiento-de-datos-personales\/\" target=\"_blank\">t\u00e9rminos y condiciones<\/a><\/span><\/label><\/span><\/span><\/span>\n\t\t<\/p>\n\t<\/div>\n<input class=\"wpcf7-form-control wpcf7-hidden\" value=\"Colwagen Usados-Compra\" type=\"hidden\" name=\"unidad_negocio\" \/>\n<input class=\"wpcf7-form-control wpcf7-hidden\" value=\"Vender Usado\" type=\"hidden\" name=\"formulario\" \/>\n<input class=\"wpcf7-form-control wpcf7-hidden\" value=\"OrganicoFormulario\" type=\"hidden\" name=\"utm_source\" \/>\n<input class=\"wpcf7-form-control wpcf7-hidden\" value=\"\" type=\"hidden\" name=\"utm_campaign\" \/>\n<input class=\"wpcf7-form-control wpcf7-hidden\" value=\"\" type=\"hidden\" name=\"utm_term\" \/>\n<input class=\"wpcf7-form-control wpcf7-hidden\" value=\"\" type=\"hidden\" name=\"utm_medium\" \/>\n<input class=\"wpcf7-form-control wpcf7-hidden\" value=\"\" type=\"hidden\" name=\"utm_content\" \/>\n<input class=\"wpcf7-form-control wpcf7-hidden\" value=\"\" type=\"hidden\" name=\"gclid\" \/>\n<input class=\"wpcf7-form-control wpcf7-hidden\" id=\"agencia\" value=\"\" type=\"hidden\" name=\"agencia\" \/>\n\t<p><input type=\"hidden\" name=\"handl_url\" value=\"https:\/\/colwagen.com\/usados\/wp-json\/wp\/v2\/pages\/79\" \/><br \/>\n<input type=\"hidden\" name=\"handl_original_ref\" value=\"https:\/\/colwagen.com\/usados\/compra-tu-usado\/marca-audi\/modelo-kwid-e-tech-or-q5-or-tracker\/transmision-automatica\/anios-2015-or-2022\" \/><br \/>\n<input type=\"hidden\" name=\"handl_landing_page\" value=\"https:\/\/colwagen.com\/usados\/compra-tu-usado\/marca-audi\/modelo-kwid-e-tech-or-q5-or-tracker\/transmision-automatica\/anios-2015-or-2022\" \/><br \/>\n<input type=\"hidden\" name=\"handl_ip\" value=\"216.73.216.216\" \/><br \/>\n<input type=\"hidden\" name=\"handl_ref\" value=\"\" \/>\n\t<\/p>\n\t<div class=\"enviar-btn confirmbtn\">\n\t\t<p><span class=\"btn-atas\">Atras<\/span><input class=\"wpcf7-form-control wpcf7-submit has-spinner\" type=\"submit\" value=\"Enviar\" \/>\n\t\t<\/p>\n\t<\/div>\n<\/div><input type='hidden' class='wpcf7-pum' value='{\"closepopup\":false,\"closedelay\":0,\"openpopup\":false,\"openpopup_id\":0}' \/><div class=\"wpcf7-response-output\" aria-hidden=\"true\"><\/div>\n<\/form>\n<\/div>\n[\/vc_column_text][\/vc_column][vc_column width=&#8221;1\/6&#8243;][\/vc_column][\/vc_row][vc_row][vc_column width=&#8221;1\/3&#8243; el_class=&#8221;compramos-numero&#8221;][vc_column_text el_class=&#8221;numero&#8221;]<strong>01<\/strong>[\/vc_column_text][vc_column_text el_class=&#8221;texto&#8221;]Cont\u00e1ctanos para conocer el valor aproximado de tu retoma[\/vc_column_text][\/vc_column][vc_column width=&#8221;1\/3&#8243; el_class=&#8221;compramos-numero&#8221;][vc_column_text el_class=&#8221;numero&#8221;]<strong>02<\/strong>[\/vc_column_text][vc_column_text el_class=&#8221;texto&#8221;]Despu\u00e9s del peritaje de tu veh\u00edculo, te realizamos una oferta.[\/vc_column_text][\/vc_column][vc_column width=&#8221;1\/3&#8243; el_class=&#8221;compramos-numero&#8221;][vc_column_text el_class=&#8221;numero&#8221;]<strong>03<\/strong>[\/vc_column_text][vc_column_text el_class=&#8221;texto&#8221;]Recibe el pago por medio de transferencia bancaria. *[\/vc_column_text][\/vc_column][\/vc_row][vc_row][vc_column][vc_column_text]<\/p>\n<p style=\"text-align: center;\">*Nosotros nos encargamos de todos los tr\u00e1mites directamente<\/p>\n<p>[\/vc_column_text][\/vc_column][\/vc_row][\/vc_section][vc_row css=&#8221;.vc_custom_1645463519048{margin-top: 50px !important;}&#8221;][vc_column][vc_column_text el_class=&#8221;titulo centro&#8221;]<\/p>\n<h2 style=\"text-align: center;\">Perfil para la<br \/>\nvender tu veh\u00edculo usado<\/h2>\n<p>[\/vc_column_text][\/vc_column][\/vc_row][vc_row][vc_column width=&#8221;1\/5&#8243;][vc_single_image image=&#8221;83&#8243; img_size=&#8221;full&#8221; alignment=&#8221;center&#8221;][vc_column_text]<\/p>\n<p style=\"text-align: center;\">A\u00f1o de fabricaci\u00f3n superior a 2010<\/p>\n<p>[\/vc_column_text][\/vc_column][vc_column width=&#8221;1\/5&#8243;][vc_single_image image=&#8221;84&#8243; img_size=&#8221;full&#8221; alignment=&#8221;center&#8221;][vc_column_text]<\/p>\n<p style=\"text-align: center;\">Documentos legalizados<\/p>\n<p>[\/vc_column_text][\/vc_column][vc_column width=&#8221;1\/5&#8243;][vc_single_image image=&#8221;85&#8243; img_size=&#8221;full&#8221; alignment=&#8221;center&#8221;][vc_column_text]<\/p>\n<p style=\"text-align: center;\">Veh\u00edculos de placas amarillas, no p\u00fablicas.<\/p>\n<p>[\/vc_column_text][\/vc_column][vc_column width=&#8221;1\/5&#8243;][vc_single_image image=&#8221;86&#8243; img_size=&#8221;full&#8221; alignment=&#8221;center&#8221;][vc_column_text]<\/p>\n<p style=\"text-align: center;\">No camiones, no motos.<\/p>\n<p>[\/vc_column_text][\/vc_column][vc_column width=&#8221;1\/5&#8243;][vc_single_image image=&#8221;87&#8243; img_size=&#8221;full&#8221; alignment=&#8221;center&#8221;][vc_column_text]<\/p>\n<p style=\"text-align: center;\">Placa blanca no son aceptados en retoma<\/p>\n<p>[\/vc_column_text][\/vc_column][\/vc_row][vc_row][vc_column][vc_column_text el_class=&#8221;btn-azul&#8221;]<\/p>\n<p style=\"text-align: center;\"><a href=\"#formulario\">VENDER MI CARRO USADO<\/a><\/p>\n<p>[\/vc_column_text][\/vc_column][\/vc_row]<\/p>\n","protected":false},"excerpt":{"rendered":"<p>[vc_section full_width=&#8221;stretch_row&#8221; css=&#8221;.vc_custom_1647012091681{background-image: url(https:\/\/colwagen.com\/usados\/wp-content\/uploads\/2022\/02\/compramos-usado.jpg?id=80) !important;background-position: center !important;background-repeat: no-repeat !important;background-size: cover !important;}&#8221; el_class=&#8221;header-compramos-usado&#8221;][vc_row][vc_column width=&#8221;1\/2&#8243;][vc_column_text] Vende tu carro usado [\/vc_column_text][\/vc_column][vc_column width=&#8221;1\/2&#8243;][\/vc_column][\/vc_row][vc_row full_width=&#8221;stretch_row&#8221; css=&#8221;.vc_custom_1681737000948{background-color: rgba(30,47,103,0.8) !important;*background-color: rgb(30,47,103) !important;}&#8221; el_class=&#8221;azul-usado&#8221;][vc_column][vc_column_text el_class=&#8221;btn-blanco&#8221;] Vender tu carro usado nunca fue tan f\u00e1cil Si quieres vender tu veh\u00edculo usado, te lo compramos al mejor precio. Somos un concesionario con respaldo de Colwagen, reconocido [&hellip;]<\/p>\n","protected":false},"author":1,"featured_media":0,"parent":0,"menu_order":0,"comment_status":"closed","ping_status":"closed","template":"","meta":{"_acf_changed":false,"footnotes":""},"class_list":["post-79","page","type-page","status-publish","hentry"],"acf":[],"_links":{"self":[{"href":"https:\/\/colwagen.com\/usados\/wp-json\/wp\/v2\/pages\/79","targetHints":{"allow":["GET"]}}],"collection":[{"href":"https:\/\/colwagen.com\/usados\/wp-json\/wp\/v2\/pages"}],"about":[{"href":"https:\/\/colwagen.com\/usados\/wp-json\/wp\/v2\/types\/page"}],"author":[{"embeddable":true,"href":"https:\/\/colwagen.com\/usados\/wp-json\/wp\/v2\/users\/1"}],"replies":[{"embeddable":true,"href":"https:\/\/colwagen.com\/usados\/wp-json\/wp\/v2\/comments?post=79"}],"version-history":[{"count":30,"href":"https:\/\/colwagen.com\/usados\/wp-json\/wp\/v2\/pages\/79\/revisions"}],"predecessor-version":[{"id":7903,"href":"https:\/\/colwagen.com\/usados\/wp-json\/wp\/v2\/pages\/79\/revisions\/7903"}],"wp:attachment":[{"href":"https:\/\/colwagen.com\/usados\/wp-json\/wp\/v2\/media?parent=79"}],"curies":[{"name":"wp","href":"https:\/\/api.w.org\/{rel}","templated":true}]}}